{"id":1645,"date":"2021-12-21T09:46:38","date_gmt":"2021-12-21T09:46:38","guid":{"rendered":"https:\/\/startersites.io\/elementor\/homi\/?page_id=8"},"modified":"2026-04-10T16:57:17","modified_gmt":"2026-04-10T14:57:17","slug":"contact","status":"publish","type":"page","link":"https:\/\/shop.chateau-du-glana.com\/en\/contact\/","title":{"rendered":"Contact"},"content":{"rendered":"\t\t<div data-elementor-type=\"wp-page\" data-elementor-id=\"1645\" class=\"elementor elementor-1645\">\n\t\t\t\t<div class=\"elementor-element elementor-element-1f74cc6 e-con-full e-flex e-con e-parent\" data-id=\"1f74cc6\" data-element_type=\"container\">\n\t\t\t\t<div class=\"elementor-element elementor-element-08ef407 elementor-widget elementor-widget-image\" data-id=\"08ef407\" data-element_type=\"widget\" data-widget_type=\"image.default\">\n\t\t\t\t\t\t\t\t\t\t\t\t\t\t\t<img fetchpriority=\"high\" decoding=\"async\" width=\"2300\" height=\"1533\" src=\"https:\/\/shop.chateau-du-glana.com\/wp-content\/uploads\/2025\/12\/0007_Artiste_Associe_BDX_Local_220923-reduit.gif\" class=\"attachment-full size-full wp-image-1665\" alt=\"\" \/>\t\t\t\t\t\t\t\t\t\t\t\t\t\t\t<\/div>\n\t\t\t\t<\/div>\n\t\t<div class=\"elementor-element elementor-element-4cde972 e-flex e-con-boxed e-con e-parent\" data-id=\"4cde972\" data-element_type=\"container\">\n\t\t\t\t\t<div class=\"e-con-inner\">\n\t\t\t\t<div class=\"elementor-element elementor-element-f17e91b elementor-widget elementor-widget-heading\" data-id=\"f17e91b\" data-element_type=\"widget\" data-widget_type=\"heading.default\">\n\t\t\t\t\t<h3 class=\"elementor-heading-title elementor-size-default\"><br>Formulaire de contact<\/h3>\t\t\t\t<\/div>\n\t\t\t\t\t<\/div>\n\t\t\t\t<\/div>\n\t\t<div class=\"elementor-element elementor-element-2fd5617 e-flex e-con-boxed e-con e-parent\" data-id=\"2fd5617\" data-element_type=\"container\">\n\t\t\t\t\t<div class=\"e-con-inner\">\n\t\t\t\t\t<\/div>\n\t\t\t\t<\/div>\n\t\t<div class=\"elementor-element elementor-element-e40164f e-flex e-con-boxed e-con e-parent\" data-id=\"e40164f\" data-element_type=\"container\">\n\t\t\t\t\t<div class=\"e-con-inner\">\n\t\t<div class=\"elementor-element elementor-element-b250d92 e-con-full e-flex e-con e-child\" data-id=\"b250d92\" data-element_type=\"container\">\n\t\t\t\t<div class=\"elementor-element elementor-element-264c68d elementor-position-left elementor-view-default elementor-mobile-position-top elementor-widget elementor-widget-icon-box\" data-id=\"264c68d\" data-element_type=\"widget\" data-widget_type=\"icon-box.default\">\n\t\t\t\t\t\t\t<div class=\"elementor-icon-box-wrapper\">\n\n\t\t\t\t\t\t<div class=\"elementor-icon-box-icon\">\n\t\t\t\t<span  class=\"elementor-icon\">\n\t\t\t\t<svg aria-hidden=\"true\" class=\"e-font-icon-svg e-fas-map-marker-alt\" viewBox=\"0 0 384 512\" xmlns=\"http:\/\/www.w3.org\/2000\/svg\"><path d=\"M172.268 501.67C26.97 291.031 0 269.413 0 192 0 85.961 85.961 0 192 0s192 85.961 192 192c0 77.413-26.97 99.031-172.268 309.67-9.535 13.774-29.93 13.773-39.464 0zM192 272c44.183 0 80-35.817 80-80s-35.817-80-80-80-80 35.817-80 80 35.817 80 80 80z\"><\/path><\/svg>\t\t\t\t<\/span>\n\t\t\t<\/div>\n\t\t\t\n\t\t\t\t\t\t<div class=\"elementor-icon-box-content\">\n\n\t\t\t\t\t\t\t\t\t<h3 class=\"elementor-icon-box-title\">\n\t\t\t\t\t\t<span  >\n\t\t\t\t\t\t\tAdresse\t\t\t\t\t\t<\/span>\n\t\t\t\t\t<\/h3>\n\t\t\t\t\n\t\t\t\t\t\t\t\t\t<p class=\"elementor-icon-box-description\">\n\t\t\t\t\t\tCh\u00e2teau du Glana <br \/>\n5, Le Glana <br \/>\n33250 Saint-Julien Beychevelle<br \/>\nFRANCE\t\t\t\t\t<\/p>\n\t\t\t\t\n\t\t\t<\/div>\n\t\t\t\n\t\t<\/div>\n\t\t\t\t\t\t<\/div>\n\t\t\t\t<div class=\"elementor-element elementor-element-29b52f0 elementor-position-left elementor-view-default elementor-mobile-position-top elementor-widget elementor-widget-icon-box\" data-id=\"29b52f0\" data-element_type=\"widget\" data-widget_type=\"icon-box.default\">\n\t\t\t\t\t\t\t<div class=\"elementor-icon-box-wrapper\">\n\n\t\t\t\t\t\t<div class=\"elementor-icon-box-icon\">\n\t\t\t\t<span  class=\"elementor-icon\">\n\t\t\t\t<svg aria-hidden=\"true\" class=\"e-font-icon-svg e-fas-envelope\" viewBox=\"0 0 512 512\" xmlns=\"http:\/\/www.w3.org\/2000\/svg\"><path d=\"M502.3 190.8c3.9-3.1 9.7-.2 9.7 4.7V400c0 26.5-21.5 48-48 48H48c-26.5 0-48-21.5-48-48V195.6c0-5 5.7-7.8 9.7-4.7 22.4 17.4 52.1 39.5 154.1 113.6 21.1 15.4 56.7 47.8 92.2 47.6 35.7.3 72-32.8 92.3-47.6 102-74.1 131.6-96.3 154-113.7zM256 320c23.2.4 56.6-29.2 73.4-41.4 132.7-96.3 142.8-104.7 173.4-128.7 5.8-4.5 9.2-11.5 9.2-18.9v-19c0-26.5-21.5-48-48-48H48C21.5 64 0 85.5 0 112v19c0 7.4 3.4 14.3 9.2 18.9 30.6 23.9 40.7 32.4 173.4 128.7 16.8 12.2 50.2 41.8 73.4 41.4z\"><\/path><\/svg>\t\t\t\t<\/span>\n\t\t\t<\/div>\n\t\t\t\n\t\t\t\t\t\t<div class=\"elementor-icon-box-content\">\n\n\t\t\t\t\t\t\t\t\t<h3 class=\"elementor-icon-box-title\">\n\t\t\t\t\t\t<span  >\n\t\t\t\t\t\t\tEmail\t\t\t\t\t\t<\/span>\n\t\t\t\t\t<\/h3>\n\t\t\t\t\n\t\t\t\t\t\t\t\t\t<p class=\"elementor-icon-box-description\">\n\t\t\t\t\t\tcontact@chateau-du-glana.com\t\t\t\t\t<\/p>\n\t\t\t\t\n\t\t\t<\/div>\n\t\t\t\n\t\t<\/div>\n\t\t\t\t\t\t<\/div>\n\t\t\t\t<div class=\"elementor-element elementor-element-23bc190 elementor-position-left elementor-view-default elementor-mobile-position-top elementor-widget elementor-widget-icon-box\" data-id=\"23bc190\" data-element_type=\"widget\" data-widget_type=\"icon-box.default\">\n\t\t\t\t\t\t\t<div class=\"elementor-icon-box-wrapper\">\n\n\t\t\t\t\t\t<div class=\"elementor-icon-box-icon\">\n\t\t\t\t<span  class=\"elementor-icon\">\n\t\t\t\t<svg aria-hidden=\"true\" class=\"e-font-icon-svg e-fas-phone-alt\" viewBox=\"0 0 512 512\" xmlns=\"http:\/\/www.w3.org\/2000\/svg\"><path d=\"M497.39 361.8l-112-48a24 24 0 0 0-28 6.9l-49.6 60.6A370.66 370.66 0 0 1 130.6 204.11l60.6-49.6a23.94 23.94 0 0 0 6.9-28l-48-112A24.16 24.16 0 0 0 122.6.61l-104 24A24 24 0 0 0 0 48c0 256.5 207.9 464 464 464a24 24 0 0 0 23.4-18.6l24-104a24.29 24.29 0 0 0-14.01-27.6z\"><\/path><\/svg>\t\t\t\t<\/span>\n\t\t\t<\/div>\n\t\t\t\n\t\t\t\t\t\t<div class=\"elementor-icon-box-content\">\n\n\t\t\t\t\t\t\t\t\t<h3 class=\"elementor-icon-box-title\">\n\t\t\t\t\t\t<span  >\n\t\t\t\t\t\t\tT\u00e9l\u00e9phone\t\t\t\t\t\t<\/span>\n\t\t\t\t\t<\/h3>\n\t\t\t\t\n\t\t\t\t\t\t\t\t\t<p class=\"elementor-icon-box-description\">\n\t\t\t\t\t\t+33 5 56 59 06 47\n\t\t\t\t\t<\/p>\n\t\t\t\t\n\t\t\t<\/div>\n\t\t\t\n\t\t<\/div>\n\t\t\t\t\t\t<\/div>\n\t\t\t\t<\/div>\n\t\t<div class=\"elementor-element elementor-element-e43ffa0 e-con-full e-flex e-con e-child\" data-id=\"e43ffa0\" data-element_type=\"container\">\n\t\t\t\t<div class=\"elementor-element elementor-element-de4170a elementor-widget elementor-widget-wpforms\" data-id=\"de4170a\" data-element_type=\"widget\" data-widget_type=\"wpforms.default\">\n\t\t\t\t<div class=\"elementor-widget-container\">\n\t\t\t\t\t<div class=\"wpforms-container \" id=\"wpforms-246\"><form id=\"wpforms-form-246\" class=\"wpforms-validate wpforms-form\" data-formid=\"246\" method=\"post\" enctype=\"multipart\/form-data\" action=\"\/en\/wp-json\/wp\/v2\/pages\/1645\" data-token=\"1a85c59b1579378426350a5b3e888717\" data-token-time=\"1776267728\"><noscript class=\"wpforms-error-noscript\">Please enable JavaScript in your browser to complete this form.<\/noscript><div class=\"wpforms-field-container\"><div id=\"wpforms-246-field_0-container\" class=\"wpforms-field wpforms-field-name\" data-field-id=\"0\"><label class=\"wpforms-field-label wpforms-label-hide\" for=\"wpforms-246-field_0\">Nom <span class=\"wpforms-required-label\">*<\/span><\/label><input type=\"text\" id=\"wpforms-246-field_0\" class=\"wpforms-field-large wpforms-field-required\" name=\"wpforms[fields][0]\" placeholder=\"Nom\" required><\/div><div id=\"wpforms-246-field_1-container\" class=\"wpforms-field wpforms-field-email\" data-field-id=\"1\"><label class=\"wpforms-field-label wpforms-label-hide\" for=\"wpforms-246-field_1\">Email <span class=\"wpforms-required-label\">*<\/span><\/label><input type=\"email\" id=\"wpforms-246-field_1\" class=\"wpforms-field-large wpforms-field-required\" name=\"wpforms[fields][1]\" placeholder=\"Email\" spellcheck=\"false\" required><\/div><div id=\"wpforms-246-field_3-container\" class=\"wpforms-field wpforms-field-text\" data-field-id=\"3\"><label class=\"wpforms-field-label wpforms-label-hide\" for=\"wpforms-246-field_3\">Objet<\/label><input type=\"text\" id=\"wpforms-246-field_3\" class=\"wpforms-field-large\" name=\"wpforms[fields][3]\" placeholder=\"Objet\" ><\/div><div id=\"wpforms-246-field_2-container\" class=\"wpforms-field wpforms-field-textarea\" data-field-id=\"2\"><label class=\"wpforms-field-label wpforms-label-hide\" for=\"wpforms-246-field_2\">Message <span class=\"wpforms-required-label\">*<\/span><\/label><textarea id=\"wpforms-246-field_2\" class=\"wpforms-field-medium wpforms-field-required\" name=\"wpforms[fields][2]\" placeholder=\"Ecrivez votre message\" required><\/textarea><\/div><\/div><!-- .wpforms-field-container --><div class=\"wpforms-submit-container\" ><input type=\"hidden\" name=\"wpforms[id]\" value=\"246\"><input type=\"hidden\" name=\"page_title\" value=\"\"><input type=\"hidden\" name=\"page_url\" value=\"https:\/\/shop.chateau-du-glana.com\/en\/wp-json\/wp\/v2\/pages\/1645\"><input type=\"hidden\" name=\"url_referer\" value=\"\"><button type=\"submit\" name=\"wpforms[submit]\" id=\"wpforms-submit-246\" class=\"wpforms-submit\" data-alt-text=\"Envoi\" data-submit-text=\"Envoyer\" aria-live=\"assertive\" value=\"wpforms-submit\">Envoyer<\/button><\/div><\/form><\/div>  <!-- .wpforms-container -->\t\t\t\t<\/div>\n\t\t\t\t<\/div>\n\t\t\t\t<\/div>\n\t\t\t\t\t<\/div>\n\t\t\t\t<\/div>\n\t\t\t\t<\/div>\n\t\t","protected":false},"excerpt":{"rendered":"<p>Formulaire de contact Adresse Ch\u00e2teau du Glana 5, Le Glana 33250 Saint-Julien Beychevelle FRANCE Email contact@chateau-du-glana.com T\u00e9l\u00e9phone +33 5 56 59 06 47 Veuillez activer JavaScript dans votre navigateur pour remplir ce formulaire.Nom *Email *ObjetMessage * Envoyer<\/p>","protected":false},"author":1,"featured_media":0,"parent":0,"menu_order":0,"comment_status":"closed","ping_status":"closed","template":"","meta":{"footnotes":""},"class_list":["post-1645","page","type-page","status-publish","hentry"],"blocksy_meta":{"styles_descriptor":{"styles":{"desktop":"","tablet":"","mobile":""},"google_fonts":[],"version":6},"has_hero_section":"default","vertical_spacing_source":"inherit","content_area_spacing":"none"},"yoast_head":"<!-- This site is optimized with the Yoast SEO plugin v27.3 - https:\/\/yoast.com\/product\/yoast-seo-wordpress\/ -->\n<title>Contact - Boutique en ligne<\/title>\n<meta name=\"robots\" content=\"index, follow, max-snippet:-1, max-image-preview:large, max-video-preview:-1\" \/>\n<link rel=\"canonical\" href=\"https:\/\/shop.chateau-du-glana.com\/en\/contact\/\" \/>\n<meta property=\"og:locale\" content=\"en_GB\" \/>\n<meta property=\"og:type\" content=\"article\" \/>\n<meta property=\"og:title\" content=\"Contact - Boutique en ligne\" \/>\n<meta property=\"og:description\" content=\"Formulaire de contact Adresse Ch\u00e2teau du Glana 5, Le Glana 33250 Saint-Julien Beychevelle FRANCE Email contact@chateau-du-glana.com T\u00e9l\u00e9phone +33 5 56 59 06 47 Veuillez activer JavaScript dans votre navigateur pour remplir ce formulaire.Nom *Email *ObjetMessage * Envoyer\" \/>\n<meta property=\"og:url\" content=\"https:\/\/shop.chateau-du-glana.com\/en\/contact\/\" \/>\n<meta property=\"og:site_name\" content=\"Boutique en ligne\" \/>\n<meta property=\"article:modified_time\" content=\"2026-04-10T14:57:17+00:00\" \/>\n<meta property=\"og:image\" content=\"https:\/\/shop.chateau-du-glana.com\/wp-content\/uploads\/2025\/12\/0007_Artiste_Associe_BDX_Local_220923-reduit.gif\" \/>\n\t<meta property=\"og:image:width\" content=\"2300\" \/>\n\t<meta property=\"og:image:height\" content=\"1533\" \/>\n\t<meta property=\"og:image:type\" content=\"image\/gif\" \/>\n<meta name=\"twitter:card\" content=\"summary_large_image\" \/>\n<script type=\"application\/ld+json\" class=\"yoast-schema-graph\">{\"@context\":\"https:\\\/\\\/schema.org\",\"@graph\":[{\"@type\":\"WebPage\",\"@id\":\"https:\\\/\\\/shop.chateau-du-glana.com\\\/contact\\\/\",\"url\":\"https:\\\/\\\/shop.chateau-du-glana.com\\\/contact\\\/\",\"name\":\"Contact - Boutique en ligne\",\"isPartOf\":{\"@id\":\"https:\\\/\\\/shop.chateau-du-glana.com\\\/#website\"},\"primaryImageOfPage\":{\"@id\":\"https:\\\/\\\/shop.chateau-du-glana.com\\\/contact\\\/#primaryimage\"},\"image\":{\"@id\":\"https:\\\/\\\/shop.chateau-du-glana.com\\\/contact\\\/#primaryimage\"},\"thumbnailUrl\":\"https:\\\/\\\/shop.chateau-du-glana.com\\\/wp-content\\\/uploads\\\/2025\\\/12\\\/0007_Artiste_Associe_BDX_Local_220923-reduit.gif\",\"datePublished\":\"2021-12-21T09:46:38+00:00\",\"dateModified\":\"2026-04-10T14:57:17+00:00\",\"breadcrumb\":{\"@id\":\"https:\\\/\\\/shop.chateau-du-glana.com\\\/contact\\\/#breadcrumb\"},\"inLanguage\":\"en-GB\",\"potentialAction\":[{\"@type\":\"ReadAction\",\"target\":[\"https:\\\/\\\/shop.chateau-du-glana.com\\\/contact\\\/\"]}]},{\"@type\":\"ImageObject\",\"inLanguage\":\"en-GB\",\"@id\":\"https:\\\/\\\/shop.chateau-du-glana.com\\\/contact\\\/#primaryimage\",\"url\":\"https:\\\/\\\/shop.chateau-du-glana.com\\\/wp-content\\\/uploads\\\/2025\\\/12\\\/0007_Artiste_Associe_BDX_Local_220923-reduit.gif\",\"contentUrl\":\"https:\\\/\\\/shop.chateau-du-glana.com\\\/wp-content\\\/uploads\\\/2025\\\/12\\\/0007_Artiste_Associe_BDX_Local_220923-reduit.gif\"},{\"@type\":\"BreadcrumbList\",\"@id\":\"https:\\\/\\\/shop.chateau-du-glana.com\\\/contact\\\/#breadcrumb\",\"itemListElement\":[{\"@type\":\"ListItem\",\"position\":1,\"name\":\"Accueil\",\"item\":\"https:\\\/\\\/shop.chateau-du-glana.com\\\/\"},{\"@type\":\"ListItem\",\"position\":2,\"name\":\"Contact\"}]},{\"@type\":\"WebSite\",\"@id\":\"https:\\\/\\\/shop.chateau-du-glana.com\\\/#website\",\"url\":\"https:\\\/\\\/shop.chateau-du-glana.com\\\/\",\"name\":\"Boutique en ligne\",\"description\":\"\",\"publisher\":{\"@id\":\"https:\\\/\\\/shop.chateau-du-glana.com\\\/#organization\"},\"potentialAction\":[{\"@type\":\"SearchAction\",\"target\":{\"@type\":\"EntryPoint\",\"urlTemplate\":\"https:\\\/\\\/shop.chateau-du-glana.com\\\/?s={search_term_string}\"},\"query-input\":{\"@type\":\"PropertyValueSpecification\",\"valueRequired\":true,\"valueName\":\"search_term_string\"}}],\"inLanguage\":\"en-GB\"},{\"@type\":\"Organization\",\"@id\":\"https:\\\/\\\/shop.chateau-du-glana.com\\\/#organization\",\"name\":\"Boutique en ligne\",\"url\":\"https:\\\/\\\/shop.chateau-du-glana.com\\\/\",\"logo\":{\"@type\":\"ImageObject\",\"inLanguage\":\"en-GB\",\"@id\":\"https:\\\/\\\/shop.chateau-du-glana.com\\\/#\\\/schema\\\/logo\\\/image\\\/\",\"url\":\"https:\\\/\\\/shop.chateau-du-glana.com\\\/wp-content\\\/uploads\\\/2026\\\/03\\\/Sans_titre-removebg-preview.png\",\"contentUrl\":\"https:\\\/\\\/shop.chateau-du-glana.com\\\/wp-content\\\/uploads\\\/2026\\\/03\\\/Sans_titre-removebg-preview.png\",\"width\":882,\"height\":283,\"caption\":\"Boutique en ligne\"},\"image\":{\"@id\":\"https:\\\/\\\/shop.chateau-du-glana.com\\\/#\\\/schema\\\/logo\\\/image\\\/\"}}]}<\/script>\n<!-- \/ Yoast SEO plugin. -->","yoast_head_json":{"title":"Contact - Boutique en ligne","robots":{"index":"index","follow":"follow","max-snippet":"max-snippet:-1","max-image-preview":"max-image-preview:large","max-video-preview":"max-video-preview:-1"},"canonical":"https:\/\/shop.chateau-du-glana.com\/en\/contact\/","og_locale":"en_GB","og_type":"article","og_title":"Contact - Boutique en ligne","og_description":"Formulaire de contact Adresse Ch\u00e2teau du Glana 5, Le Glana 33250 Saint-Julien Beychevelle FRANCE Email contact@chateau-du-glana.com T\u00e9l\u00e9phone +33 5 56 59 06 47 Veuillez activer JavaScript dans votre navigateur pour remplir ce formulaire.Nom *Email *ObjetMessage * Envoyer","og_url":"https:\/\/shop.chateau-du-glana.com\/en\/contact\/","og_site_name":"Boutique en ligne","article_modified_time":"2026-04-10T14:57:17+00:00","og_image":[{"width":2300,"height":1533,"url":"https:\/\/shop.chateau-du-glana.com\/wp-content\/uploads\/2025\/12\/0007_Artiste_Associe_BDX_Local_220923-reduit.gif","type":"image\/gif"}],"twitter_card":"summary_large_image","schema":{"@context":"https:\/\/schema.org","@graph":[{"@type":"WebPage","@id":"https:\/\/shop.chateau-du-glana.com\/contact\/","url":"https:\/\/shop.chateau-du-glana.com\/contact\/","name":"Contact - Boutique en ligne","isPartOf":{"@id":"https:\/\/shop.chateau-du-glana.com\/#website"},"primaryImageOfPage":{"@id":"https:\/\/shop.chateau-du-glana.com\/contact\/#primaryimage"},"image":{"@id":"https:\/\/shop.chateau-du-glana.com\/contact\/#primaryimage"},"thumbnailUrl":"https:\/\/shop.chateau-du-glana.com\/wp-content\/uploads\/2025\/12\/0007_Artiste_Associe_BDX_Local_220923-reduit.gif","datePublished":"2021-12-21T09:46:38+00:00","dateModified":"2026-04-10T14:57:17+00:00","breadcrumb":{"@id":"https:\/\/shop.chateau-du-glana.com\/contact\/#breadcrumb"},"inLanguage":"en-GB","potentialAction":[{"@type":"ReadAction","target":["https:\/\/shop.chateau-du-glana.com\/contact\/"]}]},{"@type":"ImageObject","inLanguage":"en-GB","@id":"https:\/\/shop.chateau-du-glana.com\/contact\/#primaryimage","url":"https:\/\/shop.chateau-du-glana.com\/wp-content\/uploads\/2025\/12\/0007_Artiste_Associe_BDX_Local_220923-reduit.gif","contentUrl":"https:\/\/shop.chateau-du-glana.com\/wp-content\/uploads\/2025\/12\/0007_Artiste_Associe_BDX_Local_220923-reduit.gif"},{"@type":"BreadcrumbList","@id":"https:\/\/shop.chateau-du-glana.com\/contact\/#breadcrumb","itemListElement":[{"@type":"ListItem","position":1,"name":"Accueil","item":"https:\/\/shop.chateau-du-glana.com\/"},{"@type":"ListItem","position":2,"name":"Contact"}]},{"@type":"WebSite","@id":"https:\/\/shop.chateau-du-glana.com\/#website","url":"https:\/\/shop.chateau-du-glana.com\/","name":"Online shop","description":"","publisher":{"@id":"https:\/\/shop.chateau-du-glana.com\/#organization"},"potentialAction":[{"@type":"SearchAction","target":{"@type":"EntryPoint","urlTemplate":"https:\/\/shop.chateau-du-glana.com\/?s={search_term_string}"},"query-input":{"@type":"PropertyValueSpecification","valueRequired":true,"valueName":"search_term_string"}}],"inLanguage":"en-GB"},{"@type":"Organization","@id":"https:\/\/shop.chateau-du-glana.com\/#organization","name":"Online shop","url":"https:\/\/shop.chateau-du-glana.com\/","logo":{"@type":"ImageObject","inLanguage":"en-GB","@id":"https:\/\/shop.chateau-du-glana.com\/#\/schema\/logo\/image\/","url":"https:\/\/shop.chateau-du-glana.com\/wp-content\/uploads\/2026\/03\/Sans_titre-removebg-preview.png","contentUrl":"https:\/\/shop.chateau-du-glana.com\/wp-content\/uploads\/2026\/03\/Sans_titre-removebg-preview.png","width":882,"height":283,"caption":"Boutique en ligne"},"image":{"@id":"https:\/\/shop.chateau-du-glana.com\/#\/schema\/logo\/image\/"}}]}},"_links":{"self":[{"href":"https:\/\/shop.chateau-du-glana.com\/en\/wp-json\/wp\/v2\/pages\/1645","targetHints":{"allow":["GET"]}}],"collection":[{"href":"https:\/\/shop.chateau-du-glana.com\/en\/wp-json\/wp\/v2\/pages"}],"about":[{"href":"https:\/\/shop.chateau-du-glana.com\/en\/wp-json\/wp\/v2\/types\/page"}],"author":[{"embeddable":true,"href":"https:\/\/shop.chateau-du-glana.com\/en\/wp-json\/wp\/v2\/users\/1"}],"replies":[{"embeddable":true,"href":"https:\/\/shop.chateau-du-glana.com\/en\/wp-json\/wp\/v2\/comments?post=1645"}],"version-history":[{"count":24,"href":"https:\/\/shop.chateau-du-glana.com\/en\/wp-json\/wp\/v2\/pages\/1645\/revisions"}],"predecessor-version":[{"id":2082,"href":"https:\/\/shop.chateau-du-glana.com\/en\/wp-json\/wp\/v2\/pages\/1645\/revisions\/2082"}],"wp:attachment":[{"href":"https:\/\/shop.chateau-du-glana.com\/en\/wp-json\/wp\/v2\/media?parent=1645"}],"curies":[{"name":"wp","href":"https:\/\/api.w.org\/{rel}","templated":true}]}}