{"id":1784,"date":"2025-12-20T17:46:38","date_gmt":"2025-12-20T16:46:38","guid":{"rendered":"http:\/\/185.97.146.253\/?page_id=1784"},"modified":"2025-12-20T18:01:17","modified_gmt":"2025-12-20T17:01:17","slug":"declaration-de-cookies","status":"publish","type":"page","link":"https:\/\/shop.chateau-du-glana.com\/en\/declaration-de-cookies\/","title":{"rendered":"Cookie Statement"},"content":{"rendered":"<p><\/p>\n\n\n\n<p><strong>Cookies used on this site:<\/strong><\/p>\n\n\n\n<figure class=\"wp-block-table\"><table class=\"has-fixed-layout\"><thead><tr><th>Cookie name<\/th><th>But<\/th><th>Duration<\/th><\/tr><\/thead><tbody><tr><td>woocommerce_cart_hash<\/td><td>WooCommerce Cart Management<\/td><td>Session<\/td><\/tr><tr><td>woocommerce_items_in_cart<\/td><td>WooCommerce Cart Management<\/td><td>Session<\/td><\/tr><tr><td>wp-settings-xxx<\/td><td>WordPress user preferences<\/td><td>1 an<\/td><\/tr><tr><td><\/td><td><\/td><td><\/td><\/tr><tr><td>stripe.com<\/td><td>Secure payment<\/td><td>Session<\/td><\/tr><\/tbody><\/table><\/figure>\n\n\n\n<p>You can accept or refuse cookies via the banner that appears on your site.<\/p>","protected":false},"excerpt":{"rendered":"<p>Cookies utilis\u00e9s sur ce site : Nom du cookie But Dur\u00e9e woocommerce_cart_hash Gestion du panier WooCommerce Session woocommerce_items_in_cart Gestion du panier WooCommerce Session wp-settings-xxx Pr\u00e9f\u00e9rences utilisateur WordPress 1 an stripe.com Paiement s\u00e9curis\u00e9 Session Vous pouvez accepter ou refuser les cookies via la banni\u00e8re qui s\u2019affiche sur votre site.<\/p>","protected":false},"author":1,"featured_media":0,"parent":0,"menu_order":0,"comment_status":"closed","ping_status":"closed","template":"","meta":{"footnotes":""},"class_list":["post-1784","page","type-page","status-publish","hentry"],"blocksy_meta":[],"yoast_head":"<!-- This site is optimized with the Yoast SEO plugin v27.3 - https:\/\/yoast.com\/product\/yoast-seo-wordpress\/ -->\n<title>D\u00e9claration de cookies - Boutique en ligne<\/title>\n<meta name=\"robots\" content=\"index, follow, max-snippet:-1, max-image-preview:large, max-video-preview:-1\" \/>\n<link rel=\"canonical\" href=\"https:\/\/shop.chateau-du-glana.com\/en\/declaration-de-cookies\/\" \/>\n<meta property=\"og:locale\" content=\"en_GB\" \/>\n<meta property=\"og:type\" content=\"article\" \/>\n<meta property=\"og:title\" content=\"D\u00e9claration de cookies - Boutique en ligne\" \/>\n<meta property=\"og:description\" content=\"Cookies utilis\u00e9s sur ce site : Nom du cookie But Dur\u00e9e woocommerce_cart_hash Gestion du panier WooCommerce Session woocommerce_items_in_cart Gestion du panier WooCommerce Session wp-settings-xxx Pr\u00e9f\u00e9rences utilisateur WordPress 1 an stripe.com Paiement s\u00e9curis\u00e9 Session Vous pouvez accepter ou refuser les cookies via la banni\u00e8re qui s\u2019affiche sur votre site.\" \/>\n<meta property=\"og:url\" content=\"https:\/\/shop.chateau-du-glana.com\/en\/declaration-de-cookies\/\" \/>\n<meta property=\"og:site_name\" content=\"Boutique en ligne\" \/>\n<meta property=\"article:modified_time\" content=\"2025-12-20T17:01:17+00:00\" \/>\n<meta name=\"twitter:card\" content=\"summary_large_image\" \/>\n<script type=\"application\/ld+json\" class=\"yoast-schema-graph\">{\"@context\":\"https:\\\/\\\/schema.org\",\"@graph\":[{\"@type\":\"WebPage\",\"@id\":\"https:\\\/\\\/shop.chateau-du-glana.com\\\/declaration-de-cookies\\\/\",\"url\":\"https:\\\/\\\/shop.chateau-du-glana.com\\\/declaration-de-cookies\\\/\",\"name\":\"D\u00e9claration de cookies - Boutique en ligne\",\"isPartOf\":{\"@id\":\"https:\\\/\\\/shop.chateau-du-glana.com\\\/#website\"},\"datePublished\":\"2025-12-20T16:46:38+00:00\",\"dateModified\":\"2025-12-20T17:01:17+00:00\",\"breadcrumb\":{\"@id\":\"https:\\\/\\\/shop.chateau-du-glana.com\\\/declaration-de-cookies\\\/#breadcrumb\"},\"inLanguage\":\"en-GB\",\"potentialAction\":[{\"@type\":\"ReadAction\",\"target\":[\"https:\\\/\\\/shop.chateau-du-glana.com\\\/declaration-de-cookies\\\/\"]}]},{\"@type\":\"BreadcrumbList\",\"@id\":\"https:\\\/\\\/shop.chateau-du-glana.com\\\/declaration-de-cookies\\\/#breadcrumb\",\"itemListElement\":[{\"@type\":\"ListItem\",\"position\":1,\"name\":\"Accueil\",\"item\":\"https:\\\/\\\/shop.chateau-du-glana.com\\\/\"},{\"@type\":\"ListItem\",\"position\":2,\"name\":\"D\u00e9claration de cookies\"}]},{\"@type\":\"WebSite\",\"@id\":\"https:\\\/\\\/shop.chateau-du-glana.com\\\/#website\",\"url\":\"https:\\\/\\\/shop.chateau-du-glana.com\\\/\",\"name\":\"Boutique en ligne\",\"description\":\"\",\"publisher\":{\"@id\":\"https:\\\/\\\/shop.chateau-du-glana.com\\\/#organization\"},\"potentialAction\":[{\"@type\":\"SearchAction\",\"target\":{\"@type\":\"EntryPoint\",\"urlTemplate\":\"https:\\\/\\\/shop.chateau-du-glana.com\\\/?s={search_term_string}\"},\"query-input\":{\"@type\":\"PropertyValueSpecification\",\"valueRequired\":true,\"valueName\":\"search_term_string\"}}],\"inLanguage\":\"en-GB\"},{\"@type\":\"Organization\",\"@id\":\"https:\\\/\\\/shop.chateau-du-glana.com\\\/#organization\",\"name\":\"Boutique en ligne\",\"url\":\"https:\\\/\\\/shop.chateau-du-glana.com\\\/\",\"logo\":{\"@type\":\"ImageObject\",\"inLanguage\":\"en-GB\",\"@id\":\"https:\\\/\\\/shop.chateau-du-glana.com\\\/#\\\/schema\\\/logo\\\/image\\\/\",\"url\":\"https:\\\/\\\/shop.chateau-du-glana.com\\\/wp-content\\\/uploads\\\/2026\\\/03\\\/Sans_titre-removebg-preview.png\",\"contentUrl\":\"https:\\\/\\\/shop.chateau-du-glana.com\\\/wp-content\\\/uploads\\\/2026\\\/03\\\/Sans_titre-removebg-preview.png\",\"width\":882,\"height\":283,\"caption\":\"Boutique en ligne\"},\"image\":{\"@id\":\"https:\\\/\\\/shop.chateau-du-glana.com\\\/#\\\/schema\\\/logo\\\/image\\\/\"}}]}<\/script>\n<!-- \/ Yoast SEO plugin. -->","yoast_head_json":{"title":"D\u00e9claration de cookies - Boutique en ligne","robots":{"index":"index","follow":"follow","max-snippet":"max-snippet:-1","max-image-preview":"max-image-preview:large","max-video-preview":"max-video-preview:-1"},"canonical":"https:\/\/shop.chateau-du-glana.com\/en\/declaration-de-cookies\/","og_locale":"en_GB","og_type":"article","og_title":"D\u00e9claration de cookies - Boutique en ligne","og_description":"Cookies utilis\u00e9s sur ce site : Nom du cookie But Dur\u00e9e woocommerce_cart_hash Gestion du panier WooCommerce Session woocommerce_items_in_cart Gestion du panier WooCommerce Session wp-settings-xxx Pr\u00e9f\u00e9rences utilisateur WordPress 1 an stripe.com Paiement s\u00e9curis\u00e9 Session Vous pouvez accepter ou refuser les cookies via la banni\u00e8re qui s\u2019affiche sur votre site.","og_url":"https:\/\/shop.chateau-du-glana.com\/en\/declaration-de-cookies\/","og_site_name":"Boutique en ligne","article_modified_time":"2025-12-20T17:01:17+00:00","twitter_card":"summary_large_image","schema":{"@context":"https:\/\/schema.org","@graph":[{"@type":"WebPage","@id":"https:\/\/shop.chateau-du-glana.com\/declaration-de-cookies\/","url":"https:\/\/shop.chateau-du-glana.com\/declaration-de-cookies\/","name":"D\u00e9claration de cookies - Boutique en ligne","isPartOf":{"@id":"https:\/\/shop.chateau-du-glana.com\/#website"},"datePublished":"2025-12-20T16:46:38+00:00","dateModified":"2025-12-20T17:01:17+00:00","breadcrumb":{"@id":"https:\/\/shop.chateau-du-glana.com\/declaration-de-cookies\/#breadcrumb"},"inLanguage":"en-GB","potentialAction":[{"@type":"ReadAction","target":["https:\/\/shop.chateau-du-glana.com\/declaration-de-cookies\/"]}]},{"@type":"BreadcrumbList","@id":"https:\/\/shop.chateau-du-glana.com\/declaration-de-cookies\/#breadcrumb","itemListElement":[{"@type":"ListItem","position":1,"name":"Accueil","item":"https:\/\/shop.chateau-du-glana.com\/"},{"@type":"ListItem","position":2,"name":"D\u00e9claration de cookies"}]},{"@type":"WebSite","@id":"https:\/\/shop.chateau-du-glana.com\/#website","url":"https:\/\/shop.chateau-du-glana.com\/","name":"Online shop","description":"","publisher":{"@id":"https:\/\/shop.chateau-du-glana.com\/#organization"},"potentialAction":[{"@type":"SearchAction","target":{"@type":"EntryPoint","urlTemplate":"https:\/\/shop.chateau-du-glana.com\/?s={search_term_string}"},"query-input":{"@type":"PropertyValueSpecification","valueRequired":true,"valueName":"search_term_string"}}],"inLanguage":"en-GB"},{"@type":"Organization","@id":"https:\/\/shop.chateau-du-glana.com\/#organization","name":"Online shop","url":"https:\/\/shop.chateau-du-glana.com\/","logo":{"@type":"ImageObject","inLanguage":"en-GB","@id":"https:\/\/shop.chateau-du-glana.com\/#\/schema\/logo\/image\/","url":"https:\/\/shop.chateau-du-glana.com\/wp-content\/uploads\/2026\/03\/Sans_titre-removebg-preview.png","contentUrl":"https:\/\/shop.chateau-du-glana.com\/wp-content\/uploads\/2026\/03\/Sans_titre-removebg-preview.png","width":882,"height":283,"caption":"Boutique en ligne"},"image":{"@id":"https:\/\/shop.chateau-du-glana.com\/#\/schema\/logo\/image\/"}}]}},"_links":{"self":[{"href":"https:\/\/shop.chateau-du-glana.com\/en\/wp-json\/wp\/v2\/pages\/1784","targetHints":{"allow":["GET"]}}],"collection":[{"href":"https:\/\/shop.chateau-du-glana.com\/en\/wp-json\/wp\/v2\/pages"}],"about":[{"href":"https:\/\/shop.chateau-du-glana.com\/en\/wp-json\/wp\/v2\/types\/page"}],"author":[{"embeddable":true,"href":"https:\/\/shop.chateau-du-glana.com\/en\/wp-json\/wp\/v2\/users\/1"}],"replies":[{"embeddable":true,"href":"https:\/\/shop.chateau-du-glana.com\/en\/wp-json\/wp\/v2\/comments?post=1784"}],"version-history":[{"count":2,"href":"https:\/\/shop.chateau-du-glana.com\/en\/wp-json\/wp\/v2\/pages\/1784\/revisions"}],"predecessor-version":[{"id":1792,"href":"https:\/\/shop.chateau-du-glana.com\/en\/wp-json\/wp\/v2\/pages\/1784\/revisions\/1792"}],"wp:attachment":[{"href":"https:\/\/shop.chateau-du-glana.com\/en\/wp-json\/wp\/v2\/media?parent=1784"}],"curies":[{"name":"wp","href":"https:\/\/api.w.org\/{rel}","templated":true}]}}