{"id":1786,"date":"2025-12-20T17:47:06","date_gmt":"2025-12-20T16:47:06","guid":{"rendered":"http:\/\/185.97.146.253\/?page_id=1786"},"modified":"2025-12-20T17:59:46","modified_gmt":"2025-12-20T16:59:46","slug":"politique-de-cookies","status":"publish","type":"page","link":"https:\/\/shop.chateau-du-glana.com\/en\/politique-de-cookies\/","title":{"rendered":"Cookie Policy"},"content":{"rendered":"<p>Ce site utilise des cookies pour am\u00e9liorer votre exp\u00e9rience et assurer le fonctionnement du site.<\/p>\n\n\n\n<p><strong>Types de cookies utilis\u00e9s :<\/strong><\/p>\n\n\n\n<ul class=\"wp-block-list\">\n<li>Cookies fonctionnels : pour garder vos choix de navigation<\/li>\n\n\n\n<li>Cookies tiers : pour le paiement et WooCommerce<\/li>\n<\/ul>\n\n\n\n<p><strong>Gestion des cookies :<\/strong><br>Vous pouvez accepter ou refuser les cookies via la banni\u00e8re en bas du site.<\/p>\n\n\n\n<p><strong>Consentement :<\/strong><br>En continuant la navigation sans modifier vos param\u00e8tres, vous acceptez l\u2019usage des cookies.<\/p>","protected":false},"excerpt":{"rendered":"<p>Ce site utilise des cookies pour am\u00e9liorer votre exp\u00e9rience et assurer le fonctionnement du site. Types de cookies utilis\u00e9s : Gestion des cookies :Vous pouvez accepter ou refuser les cookies via la banni\u00e8re en bas du site. Consentement :En continuant la navigation sans modifier vos param\u00e8tres, vous acceptez l\u2019usage des cookies.<\/p>","protected":false},"author":1,"featured_media":0,"parent":0,"menu_order":0,"comment_status":"closed","ping_status":"closed","template":"","meta":{"footnotes":""},"class_list":["post-1786","page","type-page","status-publish","hentry"],"blocksy_meta":[],"_links":{"self":[{"href":"https:\/\/shop.chateau-du-glana.com\/en\/wp-json\/wp\/v2\/pages\/1786","targetHints":{"allow":["GET"]}}],"collection":[{"href":"https:\/\/shop.chateau-du-glana.com\/en\/wp-json\/wp\/v2\/pages"}],"about":[{"href":"https:\/\/shop.chateau-du-glana.com\/en\/wp-json\/wp\/v2\/types\/page"}],"author":[{"embeddable":true,"href":"https:\/\/shop.chateau-du-glana.com\/en\/wp-json\/wp\/v2\/users\/1"}],"replies":[{"embeddable":true,"href":"https:\/\/shop.chateau-du-glana.com\/en\/wp-json\/wp\/v2\/comments?post=1786"}],"version-history":[{"count":2,"href":"https:\/\/shop.chateau-du-glana.com\/en\/wp-json\/wp\/v2\/pages\/1786\/revisions"}],"predecessor-version":[{"id":1791,"href":"https:\/\/shop.chateau-du-glana.com\/en\/wp-json\/wp\/v2\/pages\/1786\/revisions\/1791"}],"wp:attachment":[{"href":"https:\/\/shop.chateau-du-glana.com\/en\/wp-json\/wp\/v2\/media?parent=1786"}],"curies":[{"name":"wp","href":"https:\/\/api.w.org\/{rel}","templated":true}]}}