{"id":1653,"date":"2025-12-12T11:59:12","date_gmt":"2025-12-12T10:59:12","guid":{"rendered":"http:\/\/176.9.120.157\/?post_type=product&#038;p=1653"},"modified":"2026-04-17T11:20:18","modified_gmt":"2026-04-17T09:20:18","slug":"chateau-du-glana-2019","status":"publish","type":"product","link":"https:\/\/shop.chateau-du-glana.com\/en\/product\/chateau-du-glana-2019\/","title":{"rendered":"Ch\u00e2teau du Glana 2019"},"content":{"rendered":"<p>Un tr\u00e8s bon mill\u00e9sime, tout simplement\u2026<br \/>\nAvec un d\u00e9bourrement pr\u00e9coce li\u00e9 \u00e0 la douceur de l\u2019hiver, la croissance v\u00e9g\u00e9tative ralentit par<br \/>\nla suite, laissant la floraison se d\u00e9rouler sous un temps frais, sans cons\u00e9quence significative sur<br \/>\nla future r\u00e9colte.<br \/>\nL\u2019\u00e9t\u00e9 aura \u00e9t\u00e9 exceptionnellement chaud, conduisant \u00e0 une contrainte hydrique importante<br \/>\nmais limit\u00e9e par des pluies qui se sont fait attendre ! Il n\u2019y a donc pas eu de blocage de maturit\u00e9<br \/>\nce qui a permis \u00e0 la v\u00e9raison d\u2019\u00eatre rapide et homog\u00e8ne.<br \/>\nGrace \u00e0 un mois de Septembre sec, chaud et ensoleill\u00e9, les raisins ont acquis progressivement<br \/>\nun potentiel colorant et tanique caract\u00e9ristique d\u2019un tr\u00e8s bon mill\u00e9sime.<br \/>\n\u00ab Le mill\u00e9sime 2019, sur nos propri\u00e9t\u00e9s, s\u2019inscrit une nouvelle fois dans la lign\u00e9e des grands mill\u00e9simes.<br \/>\nM\u00eame si le stress hydrique de la vigne a \u00e9t\u00e9 important, nous n\u2019avons pas constat\u00e9 de<br \/>\nblocage de maturit\u00e9. Les vins issus de ce mill\u00e9sime sont certes riches en alcool, mais pr\u00e9sentent<br \/>\nun fruit\u00e9 \u00e9clatant et une belle structure tanique, offrant un assemblage \u00e9quilibr\u00e9 notamment<br \/>\ngr\u00e2ce \u00e0 des cabernets-sauvignons remarquables ! \u00bb<\/p>","protected":false},"excerpt":{"rendered":"<p>Ch\u00e2teau du Glana 2019<br \/>\nSaint-Julien<\/p>\n<p>72% Cabernet Sauvignon &#8211; 28% Merlot<\/p>","protected":false},"featured_media":1930,"comment_status":"open","ping_status":"closed","template":"","meta":[],"product_brand":[],"product_cat":[24],"product_tag":[],"class_list":{"0":"post-1653","1":"product","2":"type-product","3":"status-publish","4":"has-post-thumbnail","6":"product_cat-saint-julien","8":"first","9":"instock","10":"shipping-taxable","11":"purchasable","12":"product-type-variable","13":"has-default-attributes"},"_links":{"self":[{"href":"https:\/\/shop.chateau-du-glana.com\/en\/wp-json\/wp\/v2\/product\/1653","targetHints":{"allow":["GET"]}}],"collection":[{"href":"https:\/\/shop.chateau-du-glana.com\/en\/wp-json\/wp\/v2\/product"}],"about":[{"href":"https:\/\/shop.chateau-du-glana.com\/en\/wp-json\/wp\/v2\/types\/product"}],"replies":[{"embeddable":true,"href":"https:\/\/shop.chateau-du-glana.com\/en\/wp-json\/wp\/v2\/comments?post=1653"}],"wp:featuredmedia":[{"embeddable":true,"href":"https:\/\/shop.chateau-du-glana.com\/en\/wp-json\/wp\/v2\/media\/1930"}],"wp:attachment":[{"href":"https:\/\/shop.chateau-du-glana.com\/en\/wp-json\/wp\/v2\/media?parent=1653"}],"wp:term":[{"taxonomy":"product_brand","embeddable":true,"href":"https:\/\/shop.chateau-du-glana.com\/en\/wp-json\/wp\/v2\/product_brand?post=1653"},{"taxonomy":"product_cat","embeddable":true,"href":"https:\/\/shop.chateau-du-glana.com\/en\/wp-json\/wp\/v2\/product_cat?post=1653"},{"taxonomy":"product_tag","embeddable":true,"href":"https:\/\/shop.chateau-du-glana.com\/en\/wp-json\/wp\/v2\/product_tag?post=1653"}],"curies":[{"name":"wp","href":"https:\/\/api.w.org\/{rel}","templated":true}]}}