{"id":1684,"date":"2025-12-12T13:58:29","date_gmt":"2025-12-12T12:58:29","guid":{"rendered":"http:\/\/176.9.120.157\/?post_type=product&#038;p=1684"},"modified":"2026-04-08T10:38:35","modified_gmt":"2026-04-08T08:38:35","slug":"chateau-du-glana-2017","status":"publish","type":"product","link":"https:\/\/shop.chateau-du-glana.com\/en\/product\/chateau-du-glana-2017\/","title":{"rendered":"Ch\u00e2teau du Glana 2017"},"content":{"rendered":"<p>Nos terroirs privil\u00e9gi\u00e9s \u00e9chappent aux gel\u00e9es printani\u00e8res !<br \/>\nApr\u00e8s un hiver relativement sec, le printemps a \u00e9t\u00e9 tr\u00e8s beau et le d\u00e9bourrement particuli\u00e8rement<br \/>\npr\u00e9coce. La floraison s\u2019est d\u00e9roul\u00e9e dans de bonnes conditions.<br \/>\nMalheureusement, fin avril, la r\u00e9gion bordelaise a connu une gel\u00e9e printani\u00e8re d\u00e9vastatrice, la plus<br \/>\ns\u00e9v\u00e8re depuis 1991. Nos terroirs ont \u00e9t\u00e9 toutefois totalement \u00e9pargn\u00e9s, ce qui a permis \u00e0 la vigne<br \/>\nde poursuivre son cycle v\u00e9g\u00e9tatif et la maturation des raisins sans encombre. Les fortes amplitudes<br \/>\nthermiques entre le jour et la nuit, en fin de saison, ont favoris\u00e9 une bonne migration de la couleur.<br \/>\n\u00abNous sommes conscients de faire partie des propri\u00e9t\u00e9s totalement \u00e9pargn\u00e9es par ce terrible accident<br \/>\nclimatique. De ce fait, nous avons pu obtenir une production \u00e0 la fois g\u00e9n\u00e9reuse et homog\u00e8ne,<br \/>\nmais aussi de grande qualit\u00e9. Les vins produits sont \u00e0 la fois denses, color\u00e9s et aromatiques, pr\u00e9sentant<br \/>\n\u00e9galement de tr\u00e8s beaux \u00e9quilibres. Des vins qui n\u2019ont pas \u00e0 rougir apr\u00e8s des 2015 et 2016<br \/>\nexceptionnels&#8230;\u00bb<\/p>","protected":false},"excerpt":{"rendered":"<p>Ch\u00e2teau du Glana 2017<br \/>\nSaint-Julien<\/p>\n<p>53% Cabernet Sauvignon &#8211; 47% Merlot<\/p>","protected":false},"featured_media":1930,"comment_status":"open","ping_status":"closed","template":"","meta":[],"product_brand":[],"product_cat":[24],"product_tag":[],"class_list":{"0":"post-1684","1":"product","2":"type-product","3":"status-publish","4":"has-post-thumbnail","6":"product_cat-saint-julien","8":"first","9":"instock","10":"shipping-taxable","11":"purchasable","12":"product-type-variable","13":"has-default-attributes"},"yoast_head":"<!-- This site is optimized with the Yoast SEO plugin v27.3 - https:\/\/yoast.com\/product\/yoast-seo-wordpress\/ -->\n<title>Ch\u00e2teau du Glana 2017 - Boutique en ligne<\/title>\n<meta name=\"robots\" content=\"index, follow, max-snippet:-1, max-image-preview:large, max-video-preview:-1\" \/>\n<link rel=\"canonical\" href=\"https:\/\/shop.chateau-du-glana.com\/en\/product\/chateau-du-glana-2017\/\" \/>\n<meta property=\"og:locale\" content=\"en_GB\" \/>\n<meta property=\"og:type\" content=\"article\" \/>\n<meta property=\"og:title\" content=\"Ch\u00e2teau du Glana 2017 - Boutique en ligne\" \/>\n<meta property=\"og:description\" content=\"Ch\u00e2teau du Glana 2017 SAINT-JULIEN  53% Cabernet Sauvignon - 47% Merlot\" \/>\n<meta property=\"og:url\" content=\"https:\/\/shop.chateau-du-glana.com\/en\/product\/chateau-du-glana-2017\/\" \/>\n<meta property=\"og:site_name\" content=\"Boutique en ligne\" \/>\n<meta property=\"article:modified_time\" content=\"2026-04-08T08:38:35+00:00\" \/>\n<meta property=\"og:image\" content=\"https:\/\/shop.chateau-du-glana.com\/wp-content\/uploads\/2025\/12\/d42dad9f9f21a100b0f31642a64209c1.webp\" \/>\n\t<meta property=\"og:image:width\" content=\"800\" \/>\n\t<meta property=\"og:image:height\" content=\"800\" \/>\n\t<meta property=\"og:image:type\" content=\"image\/webp\" \/>\n<meta name=\"twitter:card\" content=\"summary_large_image\" \/>\n<meta name=\"twitter:label1\" content=\"Estimated reading time\" \/>\n\t<meta name=\"twitter:data1\" content=\"1 minute\" \/>\n<script type=\"application\/ld+json\" class=\"yoast-schema-graph\">{\"@context\":\"https:\\\/\\\/schema.org\",\"@graph\":[{\"@type\":\"WebPage\",\"@id\":\"https:\\\/\\\/shop.chateau-du-glana.com\\\/produit\\\/chateau-du-glana-2017\\\/\",\"url\":\"https:\\\/\\\/shop.chateau-du-glana.com\\\/produit\\\/chateau-du-glana-2017\\\/\",\"name\":\"Ch\u00e2teau du Glana 2017 - Boutique en ligne\",\"isPartOf\":{\"@id\":\"https:\\\/\\\/shop.chateau-du-glana.com\\\/#website\"},\"primaryImageOfPage\":{\"@id\":\"https:\\\/\\\/shop.chateau-du-glana.com\\\/produit\\\/chateau-du-glana-2017\\\/#primaryimage\"},\"image\":{\"@id\":\"https:\\\/\\\/shop.chateau-du-glana.com\\\/produit\\\/chateau-du-glana-2017\\\/#primaryimage\"},\"thumbnailUrl\":\"https:\\\/\\\/shop.chateau-du-glana.com\\\/wp-content\\\/uploads\\\/2025\\\/12\\\/d42dad9f9f21a100b0f31642a64209c1.webp\",\"datePublished\":\"2025-12-12T12:58:29+00:00\",\"dateModified\":\"2026-04-08T08:38:35+00:00\",\"breadcrumb\":{\"@id\":\"https:\\\/\\\/shop.chateau-du-glana.com\\\/produit\\\/chateau-du-glana-2017\\\/#breadcrumb\"},\"inLanguage\":\"en-GB\",\"potentialAction\":[{\"@type\":\"ReadAction\",\"target\":[\"https:\\\/\\\/shop.chateau-du-glana.com\\\/produit\\\/chateau-du-glana-2017\\\/\"]}]},{\"@type\":\"ImageObject\",\"inLanguage\":\"en-GB\",\"@id\":\"https:\\\/\\\/shop.chateau-du-glana.com\\\/produit\\\/chateau-du-glana-2017\\\/#primaryimage\",\"url\":\"https:\\\/\\\/shop.chateau-du-glana.com\\\/wp-content\\\/uploads\\\/2025\\\/12\\\/d42dad9f9f21a100b0f31642a64209c1.webp\",\"contentUrl\":\"https:\\\/\\\/shop.chateau-du-glana.com\\\/wp-content\\\/uploads\\\/2025\\\/12\\\/d42dad9f9f21a100b0f31642a64209c1.webp\",\"width\":800,\"height\":800},{\"@type\":\"BreadcrumbList\",\"@id\":\"https:\\\/\\\/shop.chateau-du-glana.com\\\/produit\\\/chateau-du-glana-2017\\\/#breadcrumb\",\"itemListElement\":[{\"@type\":\"ListItem\",\"position\":1,\"name\":\"Accueil\",\"item\":\"https:\\\/\\\/shop.chateau-du-glana.com\\\/\"},{\"@type\":\"ListItem\",\"position\":2,\"name\":\"Nos Vins\",\"item\":\"https:\\\/\\\/shop.chateau-du-glana.com\\\/nos-vins\\\/\"},{\"@type\":\"ListItem\",\"position\":3,\"name\":\"Ch\u00e2teau du Glana 2017\"}]},{\"@type\":\"WebSite\",\"@id\":\"https:\\\/\\\/shop.chateau-du-glana.com\\\/#website\",\"url\":\"https:\\\/\\\/shop.chateau-du-glana.com\\\/\",\"name\":\"Boutique en ligne\",\"description\":\"\",\"publisher\":{\"@id\":\"https:\\\/\\\/shop.chateau-du-glana.com\\\/#organization\"},\"potentialAction\":[{\"@type\":\"SearchAction\",\"target\":{\"@type\":\"EntryPoint\",\"urlTemplate\":\"https:\\\/\\\/shop.chateau-du-glana.com\\\/?s={search_term_string}\"},\"query-input\":{\"@type\":\"PropertyValueSpecification\",\"valueRequired\":true,\"valueName\":\"search_term_string\"}}],\"inLanguage\":\"en-GB\"},{\"@type\":\"Organization\",\"@id\":\"https:\\\/\\\/shop.chateau-du-glana.com\\\/#organization\",\"name\":\"Boutique en ligne\",\"url\":\"https:\\\/\\\/shop.chateau-du-glana.com\\\/\",\"logo\":{\"@type\":\"ImageObject\",\"inLanguage\":\"en-GB\",\"@id\":\"https:\\\/\\\/shop.chateau-du-glana.com\\\/#\\\/schema\\\/logo\\\/image\\\/\",\"url\":\"https:\\\/\\\/shop.chateau-du-glana.com\\\/wp-content\\\/uploads\\\/2026\\\/03\\\/Sans_titre-removebg-preview.png\",\"contentUrl\":\"https:\\\/\\\/shop.chateau-du-glana.com\\\/wp-content\\\/uploads\\\/2026\\\/03\\\/Sans_titre-removebg-preview.png\",\"width\":882,\"height\":283,\"caption\":\"Boutique en ligne\"},\"image\":{\"@id\":\"https:\\\/\\\/shop.chateau-du-glana.com\\\/#\\\/schema\\\/logo\\\/image\\\/\"}}]}<\/script>\n<!-- \/ Yoast SEO plugin. -->","yoast_head_json":{"title":"Ch\u00e2teau du Glana 2017 - Boutique en ligne","robots":{"index":"index","follow":"follow","max-snippet":"max-snippet:-1","max-image-preview":"max-image-preview:large","max-video-preview":"max-video-preview:-1"},"canonical":"https:\/\/shop.chateau-du-glana.com\/en\/product\/chateau-du-glana-2017\/","og_locale":"en_GB","og_type":"article","og_title":"Ch\u00e2teau du Glana 2017 - Boutique en ligne","og_description":"Ch\u00e2teau du Glana 2017 SAINT-JULIEN  53% Cabernet Sauvignon - 47% Merlot","og_url":"https:\/\/shop.chateau-du-glana.com\/en\/product\/chateau-du-glana-2017\/","og_site_name":"Boutique en ligne","article_modified_time":"2026-04-08T08:38:35+00:00","og_image":[{"width":800,"height":800,"url":"https:\/\/shop.chateau-du-glana.com\/wp-content\/uploads\/2025\/12\/d42dad9f9f21a100b0f31642a64209c1.webp","type":"image\/webp"}],"twitter_card":"summary_large_image","twitter_misc":{"Estimated reading time":"1 minute"},"schema":{"@context":"https:\/\/schema.org","@graph":[{"@type":"WebPage","@id":"https:\/\/shop.chateau-du-glana.com\/produit\/chateau-du-glana-2017\/","url":"https:\/\/shop.chateau-du-glana.com\/produit\/chateau-du-glana-2017\/","name":"Ch\u00e2teau du Glana 2017 - Boutique en ligne","isPartOf":{"@id":"https:\/\/shop.chateau-du-glana.com\/#website"},"primaryImageOfPage":{"@id":"https:\/\/shop.chateau-du-glana.com\/produit\/chateau-du-glana-2017\/#primaryimage"},"image":{"@id":"https:\/\/shop.chateau-du-glana.com\/produit\/chateau-du-glana-2017\/#primaryimage"},"thumbnailUrl":"https:\/\/shop.chateau-du-glana.com\/wp-content\/uploads\/2025\/12\/d42dad9f9f21a100b0f31642a64209c1.webp","datePublished":"2025-12-12T12:58:29+00:00","dateModified":"2026-04-08T08:38:35+00:00","breadcrumb":{"@id":"https:\/\/shop.chateau-du-glana.com\/produit\/chateau-du-glana-2017\/#breadcrumb"},"inLanguage":"en-GB","potentialAction":[{"@type":"ReadAction","target":["https:\/\/shop.chateau-du-glana.com\/produit\/chateau-du-glana-2017\/"]}]},{"@type":"ImageObject","inLanguage":"en-GB","@id":"https:\/\/shop.chateau-du-glana.com\/produit\/chateau-du-glana-2017\/#primaryimage","url":"https:\/\/shop.chateau-du-glana.com\/wp-content\/uploads\/2025\/12\/d42dad9f9f21a100b0f31642a64209c1.webp","contentUrl":"https:\/\/shop.chateau-du-glana.com\/wp-content\/uploads\/2025\/12\/d42dad9f9f21a100b0f31642a64209c1.webp","width":800,"height":800},{"@type":"BreadcrumbList","@id":"https:\/\/shop.chateau-du-glana.com\/produit\/chateau-du-glana-2017\/#breadcrumb","itemListElement":[{"@type":"ListItem","position":1,"name":"Accueil","item":"https:\/\/shop.chateau-du-glana.com\/"},{"@type":"ListItem","position":2,"name":"Nos Vins","item":"https:\/\/shop.chateau-du-glana.com\/nos-vins\/"},{"@type":"ListItem","position":3,"name":"Ch\u00e2teau du Glana 2017"}]},{"@type":"WebSite","@id":"https:\/\/shop.chateau-du-glana.com\/#website","url":"https:\/\/shop.chateau-du-glana.com\/","name":"Online shop","description":"","publisher":{"@id":"https:\/\/shop.chateau-du-glana.com\/#organization"},"potentialAction":[{"@type":"SearchAction","target":{"@type":"EntryPoint","urlTemplate":"https:\/\/shop.chateau-du-glana.com\/?s={search_term_string}"},"query-input":{"@type":"PropertyValueSpecification","valueRequired":true,"valueName":"search_term_string"}}],"inLanguage":"en-GB"},{"@type":"Organization","@id":"https:\/\/shop.chateau-du-glana.com\/#organization","name":"Online shop","url":"https:\/\/shop.chateau-du-glana.com\/","logo":{"@type":"ImageObject","inLanguage":"en-GB","@id":"https:\/\/shop.chateau-du-glana.com\/#\/schema\/logo\/image\/","url":"https:\/\/shop.chateau-du-glana.com\/wp-content\/uploads\/2026\/03\/Sans_titre-removebg-preview.png","contentUrl":"https:\/\/shop.chateau-du-glana.com\/wp-content\/uploads\/2026\/03\/Sans_titre-removebg-preview.png","width":882,"height":283,"caption":"Boutique en ligne"},"image":{"@id":"https:\/\/shop.chateau-du-glana.com\/#\/schema\/logo\/image\/"}}]}},"_links":{"self":[{"href":"https:\/\/shop.chateau-du-glana.com\/en\/wp-json\/wp\/v2\/product\/1684","targetHints":{"allow":["GET"]}}],"collection":[{"href":"https:\/\/shop.chateau-du-glana.com\/en\/wp-json\/wp\/v2\/product"}],"about":[{"href":"https:\/\/shop.chateau-du-glana.com\/en\/wp-json\/wp\/v2\/types\/product"}],"replies":[{"embeddable":true,"href":"https:\/\/shop.chateau-du-glana.com\/en\/wp-json\/wp\/v2\/comments?post=1684"}],"wp:featuredmedia":[{"embeddable":true,"href":"https:\/\/shop.chateau-du-glana.com\/en\/wp-json\/wp\/v2\/media\/1930"}],"wp:attachment":[{"href":"https:\/\/shop.chateau-du-glana.com\/en\/wp-json\/wp\/v2\/media?parent=1684"}],"wp:term":[{"taxonomy":"product_brand","embeddable":true,"href":"https:\/\/shop.chateau-du-glana.com\/en\/wp-json\/wp\/v2\/product_brand?post=1684"},{"taxonomy":"product_cat","embeddable":true,"href":"https:\/\/shop.chateau-du-glana.com\/en\/wp-json\/wp\/v2\/product_cat?post=1684"},{"taxonomy":"product_tag","embeddable":true,"href":"https:\/\/shop.chateau-du-glana.com\/en\/wp-json\/wp\/v2\/product_tag?post=1684"}],"curies":[{"name":"wp","href":"https:\/\/api.w.org\/{rel}","templated":true}]}}