{"id":1943,"date":"2026-04-01T14:18:43","date_gmt":"2026-04-01T12:18:43","guid":{"rendered":"https:\/\/shop.chateau-du-glana.com\/?post_type=product&#038;p=1943"},"modified":"2026-04-07T11:08:32","modified_gmt":"2026-04-07T09:08:32","slug":"chateau-bellegrave-2023","status":"publish","type":"product","link":"https:\/\/shop.chateau-du-glana.com\/en\/product\/chateau-bellegrave-2023\/","title":{"rendered":"Ch\u00e2teau Bellegrave 2023"},"content":{"rendered":"<p>Adaptabilit\u00e9 et engagement, cl\u00e9s pour un mill\u00e9sime 2023 r\u00e9ussi !<br \/>\nL\u2019hiver l\u00e9g\u00e8rement plus froid que l\u2019an pass\u00e9 a laiss\u00e9 place \u00e0 un printemps plus chaud permettant un d\u00e9bourrement \u00e0 la fin du mois de mars. A la chaleur pr\u00e9coce ont succ\u00e9d\u00e9 des vagues de froid atypiques, accompagn\u00e9es de pluies sporadiques, souvent intenses, ayant pour cons\u00e9quence une pression mildiou importante.<br \/>\nLa floraison s\u2019est d\u00e9roul\u00e9e dans des conditions estivales particuli\u00e8rement favorables \u00e0 la nouaison. La v\u00e9raison pr\u00e9coce qui a eu lieu de mi-juillet \u00e0 fin juillet a laiss\u00e9 place \u00e0 un mois d\u2019ao\u00fbt impr\u00e9visible (d\u00e9but\u00e9 par de la fra\u00eecheur pour prendre ensuite un virage caniculaire).<br \/>\nLes temp\u00e9ratures estivales furent salutaires pour atteindre une tr\u00e8s belle maturit\u00e9.<br \/>\n\u00ab Face \u00e0 ces conditions m\u00e9t\u00e9orologiques difficiles, notre capacit\u00e9 d\u2019adaptation a \u00e9t\u00e9 d\u00e9terminante pour l\u2019\u00e9laboration d\u2019un bon mill\u00e9sime 2023. C\u2019est un mill\u00e9sime g\u00e9n\u00e9reux, ayant b\u00e9n\u00e9fici\u00e9 d\u2019excellentes conditions de maturation, montrant une nouvelle fois la r\u00e9silience de la vigne face \u00e0 des conditions climatiques extr\u00eames. Il en r\u00e9sulte des vins color\u00e9s, dot\u00e9s d\u2019une belle intensit\u00e9 aromatique, m\u00fbrs, riches mais sans exc\u00e8s et parfaitement \u00e9quilibr\u00e9s ! \u00bb<\/p>","protected":false},"excerpt":{"rendered":"<p>Ch\u00e2teau Bellegrave 2023<br \/>\nPAUILLAC<\/p>\n<p>60% Cabernet Sauvignon \u2013 40% Merlot<\/p>","protected":false},"featured_media":1939,"comment_status":"open","ping_status":"closed","template":"","meta":[],"product_brand":[],"product_cat":[25],"product_tag":[],"class_list":{"0":"post-1943","1":"product","2":"type-product","3":"status-publish","4":"has-post-thumbnail","6":"product_cat-pauillac","8":"first","9":"instock","10":"shipping-taxable","11":"purchasable","12":"product-type-variable","13":"has-default-attributes"},"yoast_head":"<!-- This site is optimized with the Yoast SEO plugin v27.3 - https:\/\/yoast.com\/product\/yoast-seo-wordpress\/ -->\n<title>Ch\u00e2teau Bellegrave 2023 - Boutique en ligne<\/title>\n<meta name=\"robots\" content=\"index, follow, max-snippet:-1, max-image-preview:large, max-video-preview:-1\" \/>\n<link rel=\"canonical\" href=\"https:\/\/shop.chateau-du-glana.com\/en\/product\/chateau-bellegrave-2023\/\" \/>\n<meta property=\"og:locale\" content=\"en_GB\" \/>\n<meta property=\"og:type\" content=\"article\" \/>\n<meta property=\"og:title\" content=\"Ch\u00e2teau Bellegrave 2023 - Boutique en ligne\" \/>\n<meta property=\"og:description\" content=\"Ch\u00e2teau Bellegrave 2023 PAUILLAC  60% Cabernet Sauvignon - 40% Merlot\" \/>\n<meta property=\"og:url\" content=\"https:\/\/shop.chateau-du-glana.com\/en\/product\/chateau-bellegrave-2023\/\" \/>\n<meta property=\"og:site_name\" content=\"Boutique en ligne\" \/>\n<meta property=\"article:modified_time\" content=\"2026-04-07T09:08:32+00:00\" \/>\n<meta property=\"og:image\" content=\"https:\/\/shop.chateau-du-glana.com\/wp-content\/uploads\/2025\/12\/Nouveau-projet.png\" \/>\n\t<meta property=\"og:image:width\" content=\"800\" \/>\n\t<meta property=\"og:image:height\" content=\"800\" \/>\n\t<meta property=\"og:image:type\" content=\"image\/png\" \/>\n<meta name=\"twitter:card\" content=\"summary_large_image\" \/>\n<meta name=\"twitter:label1\" content=\"Estimated reading time\" \/>\n\t<meta name=\"twitter:data1\" content=\"1 minute\" \/>\n<script type=\"application\/ld+json\" class=\"yoast-schema-graph\">{\"@context\":\"https:\\\/\\\/schema.org\",\"@graph\":[{\"@type\":\"WebPage\",\"@id\":\"https:\\\/\\\/shop.chateau-du-glana.com\\\/produit\\\/chateau-bellegrave-2023\\\/\",\"url\":\"https:\\\/\\\/shop.chateau-du-glana.com\\\/produit\\\/chateau-bellegrave-2023\\\/\",\"name\":\"Ch\u00e2teau Bellegrave 2023 - Boutique en ligne\",\"isPartOf\":{\"@id\":\"https:\\\/\\\/shop.chateau-du-glana.com\\\/#website\"},\"primaryImageOfPage\":{\"@id\":\"https:\\\/\\\/shop.chateau-du-glana.com\\\/produit\\\/chateau-bellegrave-2023\\\/#primaryimage\"},\"image\":{\"@id\":\"https:\\\/\\\/shop.chateau-du-glana.com\\\/produit\\\/chateau-bellegrave-2023\\\/#primaryimage\"},\"thumbnailUrl\":\"https:\\\/\\\/shop.chateau-du-glana.com\\\/wp-content\\\/uploads\\\/2025\\\/12\\\/Nouveau-projet.png\",\"datePublished\":\"2026-04-01T12:18:43+00:00\",\"dateModified\":\"2026-04-07T09:08:32+00:00\",\"breadcrumb\":{\"@id\":\"https:\\\/\\\/shop.chateau-du-glana.com\\\/produit\\\/chateau-bellegrave-2023\\\/#breadcrumb\"},\"inLanguage\":\"en-GB\",\"potentialAction\":[{\"@type\":\"ReadAction\",\"target\":[\"https:\\\/\\\/shop.chateau-du-glana.com\\\/produit\\\/chateau-bellegrave-2023\\\/\"]}]},{\"@type\":\"ImageObject\",\"inLanguage\":\"en-GB\",\"@id\":\"https:\\\/\\\/shop.chateau-du-glana.com\\\/produit\\\/chateau-bellegrave-2023\\\/#primaryimage\",\"url\":\"https:\\\/\\\/shop.chateau-du-glana.com\\\/wp-content\\\/uploads\\\/2025\\\/12\\\/Nouveau-projet.png\",\"contentUrl\":\"https:\\\/\\\/shop.chateau-du-glana.com\\\/wp-content\\\/uploads\\\/2025\\\/12\\\/Nouveau-projet.png\",\"width\":800,\"height\":800},{\"@type\":\"BreadcrumbList\",\"@id\":\"https:\\\/\\\/shop.chateau-du-glana.com\\\/produit\\\/chateau-bellegrave-2023\\\/#breadcrumb\",\"itemListElement\":[{\"@type\":\"ListItem\",\"position\":1,\"name\":\"Accueil\",\"item\":\"https:\\\/\\\/shop.chateau-du-glana.com\\\/\"},{\"@type\":\"ListItem\",\"position\":2,\"name\":\"Nos Vins\",\"item\":\"https:\\\/\\\/shop.chateau-du-glana.com\\\/nos-vins\\\/\"},{\"@type\":\"ListItem\",\"position\":3,\"name\":\"Ch\u00e2teau Bellegrave 2023\"}]},{\"@type\":\"WebSite\",\"@id\":\"https:\\\/\\\/shop.chateau-du-glana.com\\\/#website\",\"url\":\"https:\\\/\\\/shop.chateau-du-glana.com\\\/\",\"name\":\"Boutique en ligne\",\"description\":\"\",\"publisher\":{\"@id\":\"https:\\\/\\\/shop.chateau-du-glana.com\\\/#organization\"},\"potentialAction\":[{\"@type\":\"SearchAction\",\"target\":{\"@type\":\"EntryPoint\",\"urlTemplate\":\"https:\\\/\\\/shop.chateau-du-glana.com\\\/?s={search_term_string}\"},\"query-input\":{\"@type\":\"PropertyValueSpecification\",\"valueRequired\":true,\"valueName\":\"search_term_string\"}}],\"inLanguage\":\"en-GB\"},{\"@type\":\"Organization\",\"@id\":\"https:\\\/\\\/shop.chateau-du-glana.com\\\/#organization\",\"name\":\"Boutique en ligne\",\"url\":\"https:\\\/\\\/shop.chateau-du-glana.com\\\/\",\"logo\":{\"@type\":\"ImageObject\",\"inLanguage\":\"en-GB\",\"@id\":\"https:\\\/\\\/shop.chateau-du-glana.com\\\/#\\\/schema\\\/logo\\\/image\\\/\",\"url\":\"https:\\\/\\\/shop.chateau-du-glana.com\\\/wp-content\\\/uploads\\\/2026\\\/03\\\/Sans_titre-removebg-preview.png\",\"contentUrl\":\"https:\\\/\\\/shop.chateau-du-glana.com\\\/wp-content\\\/uploads\\\/2026\\\/03\\\/Sans_titre-removebg-preview.png\",\"width\":882,\"height\":283,\"caption\":\"Boutique en ligne\"},\"image\":{\"@id\":\"https:\\\/\\\/shop.chateau-du-glana.com\\\/#\\\/schema\\\/logo\\\/image\\\/\"}}]}<\/script>\n<!-- \/ Yoast SEO plugin. -->","yoast_head_json":{"title":"Ch\u00e2teau Bellegrave 2023 - Boutique en ligne","robots":{"index":"index","follow":"follow","max-snippet":"max-snippet:-1","max-image-preview":"max-image-preview:large","max-video-preview":"max-video-preview:-1"},"canonical":"https:\/\/shop.chateau-du-glana.com\/en\/product\/chateau-bellegrave-2023\/","og_locale":"en_GB","og_type":"article","og_title":"Ch\u00e2teau Bellegrave 2023 - Boutique en ligne","og_description":"Ch\u00e2teau Bellegrave 2023 PAUILLAC  60% Cabernet Sauvignon - 40% Merlot","og_url":"https:\/\/shop.chateau-du-glana.com\/en\/product\/chateau-bellegrave-2023\/","og_site_name":"Boutique en ligne","article_modified_time":"2026-04-07T09:08:32+00:00","og_image":[{"width":800,"height":800,"url":"https:\/\/shop.chateau-du-glana.com\/wp-content\/uploads\/2025\/12\/Nouveau-projet.png","type":"image\/png"}],"twitter_card":"summary_large_image","twitter_misc":{"Estimated reading time":"1 minute"},"schema":{"@context":"https:\/\/schema.org","@graph":[{"@type":"WebPage","@id":"https:\/\/shop.chateau-du-glana.com\/produit\/chateau-bellegrave-2023\/","url":"https:\/\/shop.chateau-du-glana.com\/produit\/chateau-bellegrave-2023\/","name":"Ch\u00e2teau Bellegrave 2023 - Boutique en ligne","isPartOf":{"@id":"https:\/\/shop.chateau-du-glana.com\/#website"},"primaryImageOfPage":{"@id":"https:\/\/shop.chateau-du-glana.com\/produit\/chateau-bellegrave-2023\/#primaryimage"},"image":{"@id":"https:\/\/shop.chateau-du-glana.com\/produit\/chateau-bellegrave-2023\/#primaryimage"},"thumbnailUrl":"https:\/\/shop.chateau-du-glana.com\/wp-content\/uploads\/2025\/12\/Nouveau-projet.png","datePublished":"2026-04-01T12:18:43+00:00","dateModified":"2026-04-07T09:08:32+00:00","breadcrumb":{"@id":"https:\/\/shop.chateau-du-glana.com\/produit\/chateau-bellegrave-2023\/#breadcrumb"},"inLanguage":"en-GB","potentialAction":[{"@type":"ReadAction","target":["https:\/\/shop.chateau-du-glana.com\/produit\/chateau-bellegrave-2023\/"]}]},{"@type":"ImageObject","inLanguage":"en-GB","@id":"https:\/\/shop.chateau-du-glana.com\/produit\/chateau-bellegrave-2023\/#primaryimage","url":"https:\/\/shop.chateau-du-glana.com\/wp-content\/uploads\/2025\/12\/Nouveau-projet.png","contentUrl":"https:\/\/shop.chateau-du-glana.com\/wp-content\/uploads\/2025\/12\/Nouveau-projet.png","width":800,"height":800},{"@type":"BreadcrumbList","@id":"https:\/\/shop.chateau-du-glana.com\/produit\/chateau-bellegrave-2023\/#breadcrumb","itemListElement":[{"@type":"ListItem","position":1,"name":"Accueil","item":"https:\/\/shop.chateau-du-glana.com\/"},{"@type":"ListItem","position":2,"name":"Nos Vins","item":"https:\/\/shop.chateau-du-glana.com\/nos-vins\/"},{"@type":"ListItem","position":3,"name":"Ch\u00e2teau Bellegrave 2023"}]},{"@type":"WebSite","@id":"https:\/\/shop.chateau-du-glana.com\/#website","url":"https:\/\/shop.chateau-du-glana.com\/","name":"Online shop","description":"","publisher":{"@id":"https:\/\/shop.chateau-du-glana.com\/#organization"},"potentialAction":[{"@type":"SearchAction","target":{"@type":"EntryPoint","urlTemplate":"https:\/\/shop.chateau-du-glana.com\/?s={search_term_string}"},"query-input":{"@type":"PropertyValueSpecification","valueRequired":true,"valueName":"search_term_string"}}],"inLanguage":"en-GB"},{"@type":"Organization","@id":"https:\/\/shop.chateau-du-glana.com\/#organization","name":"Online shop","url":"https:\/\/shop.chateau-du-glana.com\/","logo":{"@type":"ImageObject","inLanguage":"en-GB","@id":"https:\/\/shop.chateau-du-glana.com\/#\/schema\/logo\/image\/","url":"https:\/\/shop.chateau-du-glana.com\/wp-content\/uploads\/2026\/03\/Sans_titre-removebg-preview.png","contentUrl":"https:\/\/shop.chateau-du-glana.com\/wp-content\/uploads\/2026\/03\/Sans_titre-removebg-preview.png","width":882,"height":283,"caption":"Boutique en ligne"},"image":{"@id":"https:\/\/shop.chateau-du-glana.com\/#\/schema\/logo\/image\/"}}]}},"_links":{"self":[{"href":"https:\/\/shop.chateau-du-glana.com\/en\/wp-json\/wp\/v2\/product\/1943","targetHints":{"allow":["GET"]}}],"collection":[{"href":"https:\/\/shop.chateau-du-glana.com\/en\/wp-json\/wp\/v2\/product"}],"about":[{"href":"https:\/\/shop.chateau-du-glana.com\/en\/wp-json\/wp\/v2\/types\/product"}],"replies":[{"embeddable":true,"href":"https:\/\/shop.chateau-du-glana.com\/en\/wp-json\/wp\/v2\/comments?post=1943"}],"wp:featuredmedia":[{"embeddable":true,"href":"https:\/\/shop.chateau-du-glana.com\/en\/wp-json\/wp\/v2\/media\/1939"}],"wp:attachment":[{"href":"https:\/\/shop.chateau-du-glana.com\/en\/wp-json\/wp\/v2\/media?parent=1943"}],"wp:term":[{"taxonomy":"product_brand","embeddable":true,"href":"https:\/\/shop.chateau-du-glana.com\/en\/wp-json\/wp\/v2\/product_brand?post=1943"},{"taxonomy":"product_cat","embeddable":true,"href":"https:\/\/shop.chateau-du-glana.com\/en\/wp-json\/wp\/v2\/product_cat?post=1943"},{"taxonomy":"product_tag","embeddable":true,"href":"https:\/\/shop.chateau-du-glana.com\/en\/wp-json\/wp\/v2\/product_tag?post=1943"}],"curies":[{"name":"wp","href":"https:\/\/api.w.org\/{rel}","templated":true}]}}