{"id":2033,"date":"2026-04-08T11:23:40","date_gmt":"2026-04-08T09:23:40","guid":{"rendered":"https:\/\/shop.chateau-du-glana.com\/?post_type=product&#038;p=2033"},"modified":"2026-04-08T15:57:45","modified_gmt":"2026-04-08T13:57:45","slug":"chateau-du-glana-2016-magnum","status":"publish","type":"product","link":"https:\/\/shop.chateau-du-glana.com\/en\/product\/chateau-du-glana-2016-magnum\/","title":{"rendered":"Ch\u00e2teau du Glana 2016 \u2013 Magnum"},"content":{"rendered":"<p>Un mill\u00e9sime tr\u00e8s particulier !<br \/>\nM\u00eame si les six premiers mois de l\u2019ann\u00e9e ont \u00e9t\u00e9 particuli\u00e8rement humides, la floraison s\u2019est d\u00e9roul\u00e9e<br \/>\nde fa\u00e7on tr\u00e8s homog\u00e8ne et rapide, dans une des rares fen\u00eatres sans pluie. S\u2019en est suivi une<br \/>\nlongue p\u00e9riode s\u00e8che et ensoleill\u00e9e (mi-juin \u00e0 mi-septembre).<br \/>\nLa succession de conditions extr\u00eames aurait pu faire craindre une fragilit\u00e9 de la vigne et du raisin.<br \/>\nLes travaux sur le vignoble ont permis d\u2019anticiper et de pr\u00e9parer la vigne \u00e0 la p\u00e9riode de s\u00e9cheresse<br \/>\nde cet \u00e9t\u00e9 et de r\u00e9v\u00e9ler le potentiel qualitatif de la r\u00e9colte.<br \/>\nLes raisins ont \u00e9t\u00e9 r\u00e9colt\u00e9s dans des conditions de maturit\u00e9 optimale, avec des vendanges \u00e0 la<br \/>\ncarte, particuli\u00e8rement \u00e9tal\u00e9es. Tous les ingr\u00e9dients sont r\u00e9unis pour que 2016 soit encore un tr\u00e8s<br \/>\ngrand mill\u00e9sime !<br \/>\n\u00abLes conditions optimales de maturit\u00e9 du mill\u00e9sime 2016 nous permettent d\u2019obtenir des vins tr\u00e8s<br \/>\nriches et color\u00e9s, sans lourdeur ni notes de fruits cuits, avec beaucoup de fra\u00eecheur au nez et en<br \/>\nbouche ! Les vins \u00e9labor\u00e9s disposent d\u2019un tr\u00e8s grand potentiel&#8230;\u00bb<\/p>","protected":false},"excerpt":{"rendered":"<p>Ch\u00e2teau du Glana 2016<br \/>\nSaint-Julien<\/p>\n<p>56% Cabernet Sauvignon &#8211; 44% Merlot<\/p>","protected":false},"featured_media":1930,"comment_status":"open","ping_status":"closed","template":"","meta":[],"product_brand":[],"product_cat":[24],"product_tag":[],"class_list":{"0":"post-2033","1":"product","2":"type-product","3":"status-publish","4":"has-post-thumbnail","6":"product_cat-saint-julien","8":"first","9":"instock","10":"shipping-taxable","11":"purchasable","12":"product-type-variable","13":"has-default-attributes"},"yoast_head":"<!-- This site is optimized with the Yoast SEO plugin v27.3 - https:\/\/yoast.com\/product\/yoast-seo-wordpress\/ -->\n<title>Ch\u00e2teau du Glana 2016 - Magnum - Boutique en ligne<\/title>\n<meta name=\"robots\" content=\"index, follow, max-snippet:-1, max-image-preview:large, max-video-preview:-1\" \/>\n<link rel=\"canonical\" href=\"https:\/\/shop.chateau-du-glana.com\/en\/product\/chateau-du-glana-2016-magnum\/\" \/>\n<meta property=\"og:locale\" content=\"en_GB\" \/>\n<meta property=\"og:type\" content=\"article\" \/>\n<meta property=\"og:title\" content=\"Ch\u00e2teau du Glana 2016 - Magnum - Boutique en ligne\" \/>\n<meta property=\"og:description\" content=\"Ch\u00e2teau du Glana 2016 SAINT-JULIEN  56% Cabernet Sauvignon - 44% Merlot\" \/>\n<meta property=\"og:url\" content=\"https:\/\/shop.chateau-du-glana.com\/en\/product\/chateau-du-glana-2016-magnum\/\" \/>\n<meta property=\"og:site_name\" content=\"Boutique en ligne\" \/>\n<meta property=\"article:modified_time\" content=\"2026-04-08T13:57:45+00:00\" \/>\n<meta property=\"og:image\" content=\"https:\/\/shop.chateau-du-glana.com\/wp-content\/uploads\/2025\/12\/d42dad9f9f21a100b0f31642a64209c1.webp\" \/>\n\t<meta property=\"og:image:width\" content=\"800\" \/>\n\t<meta property=\"og:image:height\" content=\"800\" \/>\n\t<meta property=\"og:image:type\" content=\"image\/webp\" \/>\n<meta name=\"twitter:card\" content=\"summary_large_image\" \/>\n<meta name=\"twitter:label1\" content=\"Estimated reading time\" \/>\n\t<meta name=\"twitter:data1\" content=\"1 minute\" \/>\n<script type=\"application\/ld+json\" class=\"yoast-schema-graph\">{\"@context\":\"https:\\\/\\\/schema.org\",\"@graph\":[{\"@type\":\"WebPage\",\"@id\":\"https:\\\/\\\/shop.chateau-du-glana.com\\\/produit\\\/chateau-du-glana-2016-magnum\\\/\",\"url\":\"https:\\\/\\\/shop.chateau-du-glana.com\\\/produit\\\/chateau-du-glana-2016-magnum\\\/\",\"name\":\"Ch\u00e2teau du Glana 2016 - Magnum - Boutique en ligne\",\"isPartOf\":{\"@id\":\"https:\\\/\\\/shop.chateau-du-glana.com\\\/#website\"},\"primaryImageOfPage\":{\"@id\":\"https:\\\/\\\/shop.chateau-du-glana.com\\\/produit\\\/chateau-du-glana-2016-magnum\\\/#primaryimage\"},\"image\":{\"@id\":\"https:\\\/\\\/shop.chateau-du-glana.com\\\/produit\\\/chateau-du-glana-2016-magnum\\\/#primaryimage\"},\"thumbnailUrl\":\"https:\\\/\\\/shop.chateau-du-glana.com\\\/wp-content\\\/uploads\\\/2025\\\/12\\\/d42dad9f9f21a100b0f31642a64209c1.webp\",\"datePublished\":\"2026-04-08T09:23:40+00:00\",\"dateModified\":\"2026-04-08T13:57:45+00:00\",\"breadcrumb\":{\"@id\":\"https:\\\/\\\/shop.chateau-du-glana.com\\\/produit\\\/chateau-du-glana-2016-magnum\\\/#breadcrumb\"},\"inLanguage\":\"en-GB\",\"potentialAction\":[{\"@type\":\"ReadAction\",\"target\":[\"https:\\\/\\\/shop.chateau-du-glana.com\\\/produit\\\/chateau-du-glana-2016-magnum\\\/\"]}]},{\"@type\":\"ImageObject\",\"inLanguage\":\"en-GB\",\"@id\":\"https:\\\/\\\/shop.chateau-du-glana.com\\\/produit\\\/chateau-du-glana-2016-magnum\\\/#primaryimage\",\"url\":\"https:\\\/\\\/shop.chateau-du-glana.com\\\/wp-content\\\/uploads\\\/2025\\\/12\\\/d42dad9f9f21a100b0f31642a64209c1.webp\",\"contentUrl\":\"https:\\\/\\\/shop.chateau-du-glana.com\\\/wp-content\\\/uploads\\\/2025\\\/12\\\/d42dad9f9f21a100b0f31642a64209c1.webp\",\"width\":800,\"height\":800},{\"@type\":\"BreadcrumbList\",\"@id\":\"https:\\\/\\\/shop.chateau-du-glana.com\\\/produit\\\/chateau-du-glana-2016-magnum\\\/#breadcrumb\",\"itemListElement\":[{\"@type\":\"ListItem\",\"position\":1,\"name\":\"Accueil\",\"item\":\"https:\\\/\\\/shop.chateau-du-glana.com\\\/\"},{\"@type\":\"ListItem\",\"position\":2,\"name\":\"Nos Vins\",\"item\":\"https:\\\/\\\/shop.chateau-du-glana.com\\\/nos-vins\\\/\"},{\"@type\":\"ListItem\",\"position\":3,\"name\":\"Ch\u00e2teau du Glana 2016 &#8211; Magnum\"}]},{\"@type\":\"WebSite\",\"@id\":\"https:\\\/\\\/shop.chateau-du-glana.com\\\/#website\",\"url\":\"https:\\\/\\\/shop.chateau-du-glana.com\\\/\",\"name\":\"Boutique en ligne\",\"description\":\"\",\"publisher\":{\"@id\":\"https:\\\/\\\/shop.chateau-du-glana.com\\\/#organization\"},\"potentialAction\":[{\"@type\":\"SearchAction\",\"target\":{\"@type\":\"EntryPoint\",\"urlTemplate\":\"https:\\\/\\\/shop.chateau-du-glana.com\\\/?s={search_term_string}\"},\"query-input\":{\"@type\":\"PropertyValueSpecification\",\"valueRequired\":true,\"valueName\":\"search_term_string\"}}],\"inLanguage\":\"en-GB\"},{\"@type\":\"Organization\",\"@id\":\"https:\\\/\\\/shop.chateau-du-glana.com\\\/#organization\",\"name\":\"Boutique en ligne\",\"url\":\"https:\\\/\\\/shop.chateau-du-glana.com\\\/\",\"logo\":{\"@type\":\"ImageObject\",\"inLanguage\":\"en-GB\",\"@id\":\"https:\\\/\\\/shop.chateau-du-glana.com\\\/#\\\/schema\\\/logo\\\/image\\\/\",\"url\":\"https:\\\/\\\/shop.chateau-du-glana.com\\\/wp-content\\\/uploads\\\/2026\\\/03\\\/Sans_titre-removebg-preview.png\",\"contentUrl\":\"https:\\\/\\\/shop.chateau-du-glana.com\\\/wp-content\\\/uploads\\\/2026\\\/03\\\/Sans_titre-removebg-preview.png\",\"width\":882,\"height\":283,\"caption\":\"Boutique en ligne\"},\"image\":{\"@id\":\"https:\\\/\\\/shop.chateau-du-glana.com\\\/#\\\/schema\\\/logo\\\/image\\\/\"}}]}<\/script>\n<!-- \/ Yoast SEO plugin. -->","yoast_head_json":{"title":"Ch\u00e2teau du Glana 2016 - Magnum - Boutique en ligne","robots":{"index":"index","follow":"follow","max-snippet":"max-snippet:-1","max-image-preview":"max-image-preview:large","max-video-preview":"max-video-preview:-1"},"canonical":"https:\/\/shop.chateau-du-glana.com\/en\/product\/chateau-du-glana-2016-magnum\/","og_locale":"en_GB","og_type":"article","og_title":"Ch\u00e2teau du Glana 2016 - Magnum - Boutique en ligne","og_description":"Ch\u00e2teau du Glana 2016 SAINT-JULIEN  56% Cabernet Sauvignon - 44% Merlot","og_url":"https:\/\/shop.chateau-du-glana.com\/en\/product\/chateau-du-glana-2016-magnum\/","og_site_name":"Boutique en ligne","article_modified_time":"2026-04-08T13:57:45+00:00","og_image":[{"width":800,"height":800,"url":"https:\/\/shop.chateau-du-glana.com\/wp-content\/uploads\/2025\/12\/d42dad9f9f21a100b0f31642a64209c1.webp","type":"image\/webp"}],"twitter_card":"summary_large_image","twitter_misc":{"Estimated reading time":"1 minute"},"schema":{"@context":"https:\/\/schema.org","@graph":[{"@type":"WebPage","@id":"https:\/\/shop.chateau-du-glana.com\/produit\/chateau-du-glana-2016-magnum\/","url":"https:\/\/shop.chateau-du-glana.com\/produit\/chateau-du-glana-2016-magnum\/","name":"Ch\u00e2teau du Glana 2016 - Magnum - Boutique en ligne","isPartOf":{"@id":"https:\/\/shop.chateau-du-glana.com\/#website"},"primaryImageOfPage":{"@id":"https:\/\/shop.chateau-du-glana.com\/produit\/chateau-du-glana-2016-magnum\/#primaryimage"},"image":{"@id":"https:\/\/shop.chateau-du-glana.com\/produit\/chateau-du-glana-2016-magnum\/#primaryimage"},"thumbnailUrl":"https:\/\/shop.chateau-du-glana.com\/wp-content\/uploads\/2025\/12\/d42dad9f9f21a100b0f31642a64209c1.webp","datePublished":"2026-04-08T09:23:40+00:00","dateModified":"2026-04-08T13:57:45+00:00","breadcrumb":{"@id":"https:\/\/shop.chateau-du-glana.com\/produit\/chateau-du-glana-2016-magnum\/#breadcrumb"},"inLanguage":"en-GB","potentialAction":[{"@type":"ReadAction","target":["https:\/\/shop.chateau-du-glana.com\/produit\/chateau-du-glana-2016-magnum\/"]}]},{"@type":"ImageObject","inLanguage":"en-GB","@id":"https:\/\/shop.chateau-du-glana.com\/produit\/chateau-du-glana-2016-magnum\/#primaryimage","url":"https:\/\/shop.chateau-du-glana.com\/wp-content\/uploads\/2025\/12\/d42dad9f9f21a100b0f31642a64209c1.webp","contentUrl":"https:\/\/shop.chateau-du-glana.com\/wp-content\/uploads\/2025\/12\/d42dad9f9f21a100b0f31642a64209c1.webp","width":800,"height":800},{"@type":"BreadcrumbList","@id":"https:\/\/shop.chateau-du-glana.com\/produit\/chateau-du-glana-2016-magnum\/#breadcrumb","itemListElement":[{"@type":"ListItem","position":1,"name":"Accueil","item":"https:\/\/shop.chateau-du-glana.com\/"},{"@type":"ListItem","position":2,"name":"Nos Vins","item":"https:\/\/shop.chateau-du-glana.com\/nos-vins\/"},{"@type":"ListItem","position":3,"name":"Ch\u00e2teau du Glana 2016 &#8211; Magnum"}]},{"@type":"WebSite","@id":"https:\/\/shop.chateau-du-glana.com\/#website","url":"https:\/\/shop.chateau-du-glana.com\/","name":"Online shop","description":"","publisher":{"@id":"https:\/\/shop.chateau-du-glana.com\/#organization"},"potentialAction":[{"@type":"SearchAction","target":{"@type":"EntryPoint","urlTemplate":"https:\/\/shop.chateau-du-glana.com\/?s={search_term_string}"},"query-input":{"@type":"PropertyValueSpecification","valueRequired":true,"valueName":"search_term_string"}}],"inLanguage":"en-GB"},{"@type":"Organization","@id":"https:\/\/shop.chateau-du-glana.com\/#organization","name":"Online shop","url":"https:\/\/shop.chateau-du-glana.com\/","logo":{"@type":"ImageObject","inLanguage":"en-GB","@id":"https:\/\/shop.chateau-du-glana.com\/#\/schema\/logo\/image\/","url":"https:\/\/shop.chateau-du-glana.com\/wp-content\/uploads\/2026\/03\/Sans_titre-removebg-preview.png","contentUrl":"https:\/\/shop.chateau-du-glana.com\/wp-content\/uploads\/2026\/03\/Sans_titre-removebg-preview.png","width":882,"height":283,"caption":"Boutique en ligne"},"image":{"@id":"https:\/\/shop.chateau-du-glana.com\/#\/schema\/logo\/image\/"}}]}},"_links":{"self":[{"href":"https:\/\/shop.chateau-du-glana.com\/en\/wp-json\/wp\/v2\/product\/2033","targetHints":{"allow":["GET"]}}],"collection":[{"href":"https:\/\/shop.chateau-du-glana.com\/en\/wp-json\/wp\/v2\/product"}],"about":[{"href":"https:\/\/shop.chateau-du-glana.com\/en\/wp-json\/wp\/v2\/types\/product"}],"replies":[{"embeddable":true,"href":"https:\/\/shop.chateau-du-glana.com\/en\/wp-json\/wp\/v2\/comments?post=2033"}],"wp:featuredmedia":[{"embeddable":true,"href":"https:\/\/shop.chateau-du-glana.com\/en\/wp-json\/wp\/v2\/media\/1930"}],"wp:attachment":[{"href":"https:\/\/shop.chateau-du-glana.com\/en\/wp-json\/wp\/v2\/media?parent=2033"}],"wp:term":[{"taxonomy":"product_brand","embeddable":true,"href":"https:\/\/shop.chateau-du-glana.com\/en\/wp-json\/wp\/v2\/product_brand?post=2033"},{"taxonomy":"product_cat","embeddable":true,"href":"https:\/\/shop.chateau-du-glana.com\/en\/wp-json\/wp\/v2\/product_cat?post=2033"},{"taxonomy":"product_tag","embeddable":true,"href":"https:\/\/shop.chateau-du-glana.com\/en\/wp-json\/wp\/v2\/product_tag?post=2033"}],"curies":[{"name":"wp","href":"https:\/\/api.w.org\/{rel}","templated":true}]}}